{"id":1278,"date":"2018-09-14T06:59:36","date_gmt":"2018-09-14T06:59:36","guid":{"rendered":"http:\/\/192.168.1.3\/wp\/kordex\/?page_id=1278"},"modified":"2026-02-22T23:59:37","modified_gmt":"2026-02-22T23:59:37","slug":"blog","status":"publish","type":"page","link":"https:\/\/duarteviews.com\/bodas\/blog\/","title":{"rendered":"Blog"},"content":{"rendered":"\t\t<div data-elementor-type=\"wp-post\" data-elementor-id=\"1278\" class=\"elementor elementor-1278\" data-elementor-post-type=\"page\">\n\t\t\t\t\t\t<section class=\"elementor-section elementor-top-section elementor-element elementor-element-da95435 elementor-section-boxed elementor-section-height-default elementor-section-height-default\" data-id=\"da95435\" data-element_type=\"section\" data-e-type=\"section\" data-settings=\"{&quot;background_background&quot;:&quot;classic&quot;}\">\n\t\t\t\t\t\t\t<div class=\"elementor-background-overlay\"><\/div>\n\t\t\t\t\t\t\t<div class=\"elementor-container elementor-column-gap-default\">\n\t\t\t\t\t<div class=\"elementor-column elementor-col-100 elementor-top-column elementor-element elementor-element-3023ebf\" data-id=\"3023ebf\" data-element_type=\"column\" data-e-type=\"column\">\n\t\t\t<div class=\"elementor-widget-wrap elementor-element-populated\">\n\t\t\t\t\t\t<div class=\"elementor-element elementor-element-26676b1 section-align-center section-size-large subtitle-style-default elementor-widget elementor-widget-section-heading\" data-id=\"26676b1\" data-element_type=\"widget\" data-e-type=\"widget\" data-widget_type=\"section-heading.default\">\n\t\t\t\t<div class=\"elementor-widget-container\">\n\t\t\t\t\t<div class=\"section-heading headingstyle-subtitle\"><h5 class=\"entry-sub-title section-sub-title\">Narrativas Visuales<\/h5><div class=\"section-title-wrapper\"><h2 class=\"entry-title section-title\">El Diario<\/h2><\/div><div class=\"section-description clearfix\"><div class=\"section-description-inner\"><p class=\"max-w-xl mx-auto mt-8 font-light text-gray-500 leading-relaxed text-sm md:text-base aos-init aos-animate\" data-aos=\"fade-up\" data-aos-delay=\"200\">Un espacio dedicado a la luz, las historias detr\u00e1s de la c\u00e1mara y consejos editoriales para parejas que buscan lo extraordinario.<\/p>\n<\/div><\/div><\/div>\t\t\t\t<\/div>\n\t\t\t\t<\/div>\n\t\t\t\t\t<\/div>\n\t\t<\/div>\n\t\t\t\t\t<\/div>\n\t\t<\/section>\n\t\t\t\t<section class=\"elementor-section elementor-top-section elementor-element elementor-element-44bf92c elementor-section-boxed elementor-section-height-default elementor-section-height-default\" data-id=\"44bf92c\" data-element_type=\"section\" data-e-type=\"section\" data-settings=\"{&quot;background_background&quot;:&quot;classic&quot;}\">\n\t\t\t\t\t\t<div class=\"elementor-container elementor-column-gap-wider\">\n\t\t\t\t\t<div class=\"elementor-column elementor-col-100 elementor-top-column elementor-element elementor-element-5ec3bc7\" data-id=\"5ec3bc7\" data-element_type=\"column\" data-e-type=\"column\">\n\t\t\t<div class=\"elementor-widget-wrap elementor-element-populated\">\n\t\t\t\t\t\t<div class=\"elementor-element elementor-element-46ce803 blog-list-style-default elementor-widget elementor-widget-blog-list\" data-id=\"46ce803\" data-element_type=\"widget\" data-e-type=\"widget\" data-widget_type=\"blog-list.default\">\n\t\t\t\t<div class=\"elementor-widget-container\">\n\t\t\t\t\t<div class=\"mtheme-shortcode-bloglist\">\t\t<div class=\"entry-content-wrapper\">\n\t\t\t<div class=\"topseperator entry-wrapper post-standard-wrapper clearfix\">\n<div class=\"blog-content-section\">\n<div id=\"post-6113\" class=\"post-6113 post type-post status-publish format-standard has-post-thumbnail hentry category-boda tag-boda tag-fotografia tag-fotografo tag-fotos\">\n<div class=\"entry-content postformat_contents post-display-excerpt clearfix\">\n<div class=\"post-format-media\"><a href=\"https:\/\/duarteviews.com\/bodas\/boda-de-hector-y-zaida\/\"><img decoding=\"async\" src=\"https:\/\/duarteviews.com\/bodas\/wp-content\/uploads\/2026\/02\/mt-sample-background-1400x933.jpg\" srcset=\"https:\/\/duarteviews.com\/bodas\/wp-content\/uploads\/2026\/02\/mt-sample-background-1400x933.jpg 1400w, https:\/\/duarteviews.com\/bodas\/wp-content\/uploads\/2026\/02\/mt-sample-background-300x200.jpg 300w, https:\/\/duarteviews.com\/bodas\/wp-content\/uploads\/2026\/02\/mt-sample-background-1024x683.jpg 1024w, https:\/\/duarteviews.com\/bodas\/wp-content\/uploads\/2026\/02\/mt-sample-background-768x512.jpg 768w, https:\/\/duarteviews.com\/bodas\/wp-content\/uploads\/2026\/02\/mt-sample-background-1536x1024.jpg 1536w, https:\/\/duarteviews.com\/bodas\/wp-content\/uploads\/2026\/02\/mt-sample-background-800x533.jpg 800w, https:\/\/duarteviews.com\/bodas\/wp-content\/uploads\/2026\/02\/mt-sample-background.jpg 1920w\" sizes=\"(max-width: 1400px) 100vw, 1400px\" alt=\"\" \/><\/a><\/div><div class=\"entry-blog-contents-wrap clearfix\">\n\t\t\t<div class=\"entry-post-title\">\n\t\t\t<h2>\n\t\t\t<a class=\"postformat_standard\" href=\"https:\/\/duarteviews.com\/bodas\/boda-de-hector-y-zaida\/\" rel=\"bookmark\">Boda de H\u00e9ctor y Zaida<\/a>\n\t\t\t<\/h2>\n\t\t\t<\/div>\n\t\t\t\t<div class=\"postsummarywrap fullpage-item\">\n\t\t\t<div class=\"datecomment clearfix\">\n\t\t\t\t\t<div class=\"post-single-meta-group-one\">\n\t\t\t\t\t\t\t\t\t<span class=\"post-single-meta post-single-meta-author\">\n\t\t\t\t\t<i class=\"feather-icon-head\"><\/i>\n\t\t\t\t\t<span class=\"post-meta-author\">\n\t\t\t\t\t\tyvoictra\t\t\t\t\t<\/span>\n\t\t\t\t\t<\/span>\n\t\t\t\t\t\t\t\t\t\t<span class=\"post-single-meta post-single-meta-date\">\n\t\t\t\t\t\t<span class=\"post-meta-time\">\n\t\t\t\t\t\t<i class=\"feather-icon-clock\"><\/i>\n\t\t\t\t\t\t<span class=\"date updated\">20 de abril de 2024<\/span>\t\t\t\t\t\t<\/span>\n\t\t\t\t\t<\/span>\n\t\t\t\t\t\t\t\t<\/div>\n\t\t\t<div class=\"post-single-meta-group-two\">\n\t\t\t\t\t\t\t\t\t<span class=\"post-single-meta post-meta-category post-single-meta-category\">\n\t\t\t\t\t<i class=\"feather-icon-grid\"><\/i>\n\t\t\t\t\t<a href=\"https:\/\/duarteviews.com\/bodas\/category\/boda\/\" rel=\"category tag\">Boda<\/a>\t\t\t\t\t<\/span>\n\t\t\t\t\t\t\t\t\t\t\t<span class=\"post-single-meta post-single-meta-comment\">\n\t\t\t\t\t\t\t<span class=\"post-meta-comment\">\n\t\t\t\t\t\t\t<i class=\"feather-icon-speech-bubble\"><\/i>\n\t\t\t\t\t\t\t<a href=\"https:\/\/duarteviews.com\/bodas\/boda-de-hector-y-zaida\/#comments\">2<\/a>\t\t\t\t\t\t\t<\/span>\n\t\t\t\t\t\t<\/span>\n\t\t\t\t\t\t\t\t\t<\/div>\n\t\t<\/div>\n\t<\/div>\n\t<div class=\"postsummary-spacing\"><p>\u201cHola, el lunes dentro de dos semanas nos casamos\u201d Solamente por la frase del comienzo de este reportaje de boda de Zaida y H\u00e9ctor, ya ve\u00edamos venir que la historia nos iba a gustar, y mucho. \u00bfPor qu\u00e9 te casas? de verdad, una pregunta que parece que todos sabemos responder con facilidad, y no dudo de la veracidad de sus argumentos, si no de que si saben que se ven muchos de ellos reflejados en la fotograf\u00eda. El mirar, el [&hellip;]<\/p>\n<\/div><a class=\"theme-btn-link\" href=\"https:\/\/duarteviews.com\/bodas\/boda-de-hector-y-zaida\/\"><div class=\"theme-btn theme-btn-outline-primary theme-hover-arrow\">Continuar leyendo<\/div><\/a><\/div>\n<\/div>\n<\/div>\n<\/div>\n<\/div>\n\t\t<\/div>\n\t\t<div class=\"clearfix\"><\/div>\n<!-- ADD Custom Numbered Pagination code. -->\n<\/div>\t\t\t\t<\/div>\n\t\t\t\t<\/div>\n\t\t\t\t\t<\/div>\n\t\t<\/div>\n\t\t\t\t\t<\/div>\n\t\t<\/section>\n\t\t\t\t<\/div>\n\t\t","protected":false},"excerpt":{"rendered":"<p>Narrativas Visuales El Diario Un espacio dedicado a la luz, las historias detr\u00e1s de la c\u00e1mara y consejos editoriales para parejas que buscan lo extraordinario. Boda de H\u00e9ctor y Zaida yvoictra 20 de abril de 2024 Boda 2 \u201cHola, el lunes dentro de dos semanas nos casamos\u201d Solamente por la frase del comienzo de este reportaje de boda de Zaida y H\u00e9ctor, ya ve\u00edamos venir que la historia nos iba a gustar, y mucho. \u00bfPor qu\u00e9 te casas? de verdad, [&hellip;]<\/p>\n","protected":false},"author":1,"featured_media":0,"parent":0,"menu_order":0,"comment_status":"closed","ping_status":"closed","template":"","meta":{"footnotes":""},"class_list":["post-1278","page","type-page","status-publish","hentry"],"_links":{"self":[{"href":"https:\/\/duarteviews.com\/bodas\/wp-json\/wp\/v2\/pages\/1278","targetHints":{"allow":["GET"]}}],"collection":[{"href":"https:\/\/duarteviews.com\/bodas\/wp-json\/wp\/v2\/pages"}],"about":[{"href":"https:\/\/duarteviews.com\/bodas\/wp-json\/wp\/v2\/types\/page"}],"author":[{"embeddable":true,"href":"https:\/\/duarteviews.com\/bodas\/wp-json\/wp\/v2\/users\/1"}],"replies":[{"embeddable":true,"href":"https:\/\/duarteviews.com\/bodas\/wp-json\/wp\/v2\/comments?post=1278"}],"version-history":[{"count":14,"href":"https:\/\/duarteviews.com\/bodas\/wp-json\/wp\/v2\/pages\/1278\/revisions"}],"predecessor-version":[{"id":11928,"href":"https:\/\/duarteviews.com\/bodas\/wp-json\/wp\/v2\/pages\/1278\/revisions\/11928"}],"wp:attachment":[{"href":"https:\/\/duarteviews.com\/bodas\/wp-json\/wp\/v2\/media?parent=1278"}],"curies":[{"name":"wp","href":"https:\/\/api.w.org\/{rel}","templated":true}]}}